{"id":24,"date":"2022-10-27T16:40:19","date_gmt":"2022-10-27T14:40:19","guid":{"rendered":"https:\/\/tlumaczwiktormuszynski.pl\/?page_id=24"},"modified":"2024-06-02T10:53:51","modified_gmt":"2024-06-02T08:53:51","slug":"home","status":"publish","type":"page","link":"https:\/\/tlumaczwiktormuszynski.pl\/uk\/","title":{"rendered":"Home"},"content":{"rendered":"<p>\u041f\u0430\u043d\u0456 \u0442\u0430 \u041f\u0430\u043d\u043e\u0432\u0435<br>\u0429\u0438\u0440\u043e \u0432\u0456\u0442\u0430\u044e \u043d\u0430 \u043c\u043e\u0454\u043c\u0443 \u0441\u0430\u0439\u0442\u0456 \u043f\u0440\u0438\u0441\u044f\u0436\u043d\u043e\u0433\u043e \u043f\u0435\u0440\u0435\u043a\u043b\u0430\u0434\u0430\u0447\u0430 \u043f\u043e\u043b\u044c\u0441\u044c\u043a\u043e\u0457 \u043c\u043e\u0432\u0438.<\/p>\n\n\n\n<p>\u041c\u0430\u044e \u043f\u043e\u043d\u0430\u0434 19-\u0440\u0456\u0447\u043d\u0438\u0439 \u0434\u043e\u0441\u0432\u0456\u0434 \u0432 \u0443\u0441\u043d\u0438\u0445 \u0442\u0430 \u043f\u0438\u0441\u044c\u043c\u043e\u0432\u0438\u0445 \u043f\u0435\u0440\u0435\u043a\u043b\u0430\u0434\u0430\u0445 \u0437 \u043f\u043e\u043b\u044c\u0441\u044c\u043a\u043e\u0457 \u043c\u043e\u0432\u0438 \u043d\u0430 \u0443\u043a\u0440\u0430\u0457\u043d\u0441\u044c\u043a\u0443 \u0442\u0430 \u0437 \u0443\u043a\u0440\u0430\u0457\u043d\u0441\u044c\u043a\u043e\u0457 \u043d\u0430 \u043f\u043e\u043b\u044c\u0441\u044c\u043a\u0443.\u00a0<br>\u0412 2006 \u0440. \u044f \u0437\u0430\u043a\u0456\u043d\u0447\u0438\u0432 \u0423\u043d\u0456\u0432\u0435\u0440\u0441\u0438\u0442\u0435\u0442 \u0456\u043c. \u0406\u0432\u0430\u043d\u0430 \u041f\u0430\u0432\u043b\u0430 \u0406\u0406 \u0443 \u041a\u0440\u0430\u043a\u043e\u0432\u0456, \u043e\u0442\u0440\u0438\u043c\u0430\u0432\u0448\u0438 \u0441\u0442\u0443\u043f\u0456\u043d\u044c \u043c\u0430\u0433\u0456\u0441\u0442\u0440\u0430.<br>\u0412 2022 \u0440. \u043f\u0456\u0441\u043b\u044f \u0443\u0441\u043f\u0456\u0448\u043d\u043e \u0437\u0434\u0430\u043d\u0438\u0445 \u0435\u043a\u0437\u0430\u043c\u0435\u043d\u0456\u0432 \u0432 \u041c\u0456\u043d\u0456\u0441\u0442\u0435\u0440\u0441\u0442\u0432\u0456 \u042e\u0441\u0442\u0438\u0446\u0456\u0457 \u0432 \u0412\u0430\u0440\u0448\u0430\u0432\u0456 \u044f \u043e\u0442\u0440\u0438\u043c\u0430\u0432 \u0441\u0435\u0440\u0442\u0438\u0444\u0456\u043a\u0430\u0442 \u043f\u0440\u0438\u0441\u044f\u0436\u043d\u043e\u0433\u043e \u043f\u0435\u0440\u0435\u043a\u043b\u0430\u0434\u0430\u0447\u0430 \u043f\u043e\u043b\u044c\u0441\u044c\u043a\u043e\u0457 \u043c\u043e\u0432\u0438 \u0456 \u043c\u0435\u043d\u0435 \u0434\u043e\u0434\u0430\u043d\u043e \u0434\u043e \u0441\u043f\u0438\u0441\u043a\u0443 \u043f\u0440\u0438\u0441\u044f\u0436\u043d\u0438\u0445 \u043f\u0435\u0440\u0435\u043a\u043b\u0430\u0434\u0430\u0447\u0456\u0432 \u041f\u043e\u043b\u044c\u0449\u0456 \u043f\u0456\u0434 \u043d\u043e\u043c\u0435\u0440\u043e\u043c TP\/66\/22<\/p>\n\n\n\n<p>\u0417\u0430\u043f\u0440\u043e\u0448\u0443\u044e \u043e\u0437\u043d\u0430\u0439\u043e\u043c\u0438\u0442\u0438\u0441\u044c \u0434\u0435\u0442\u0430\u043b\u044c\u043d\u0456\u0448\u0435 \u0437 \u043c\u043e\u0454\u044e \u043f\u0440\u043e\u043f\u043e\u0437\u0438\u0446\u0456\u0454\u044e.<\/p>","protected":false},"excerpt":{"rendered":"<p>Szanowni Pa\u0144stwoSerdecznie witam na stronie t\u0142umacza przysi\u0119g\u0142ego j\u0119zyka ukrai\u0144skiego. Posiadam ponad 19-letnie do\u015bwiadczenie w t\u0142umaczeniach ustnych i pisemnych j\u0119zyka ukrai\u0144skiego i polskiego.\u00a0W 2006 r. uko\u0144czy\u0142em Uniwersytet Jana Paw\u0142a II w Krakowie, uzyskuj\u0105c tytu\u0142 magistra.W 2022 r. po zdaniu egzamin\u00f3w w Ministerstwie Sprawiedliwo\u015bci w Warszawie uzyska\u0142em certyfikat t\u0142umacza przysi\u0119g\u0142ego j\u0119zyka ukrai\u0144skiego i zosta\u0142em wpisany na list\u0119 &hellip; <\/p>\n<p class=\"link-more\"><a href=\"https:\/\/tlumaczwiktormuszynski.pl\/uk\/\" class=\"more-link\">\u041f\u0440\u043e\u0434\u043e\u0432\u0436\u0438\u0442\u0438 \u0447\u0438\u0442\u0430\u043d\u043d\u044f<span class=\"screen-reader-text\"> &#8222;Home&#8221;<\/span><\/a><\/p>","protected":false},"author":1,"featured_media":0,"parent":0,"menu_order":0,"comment_status":"closed","ping_status":"closed","template":"","meta":{"om_disable_all_campaigns":false,"footnotes":""},"class_list":["post-24","page","type-page","status-publish","hentry"],"aioseo_notices":[],"_links":{"self":[{"href":"https:\/\/tlumaczwiktormuszynski.pl\/uk\/wp-json\/wp\/v2\/pages\/24","targetHints":{"allow":["GET"]}}],"collection":[{"href":"https:\/\/tlumaczwiktormuszynski.pl\/uk\/wp-json\/wp\/v2\/pages"}],"about":[{"href":"https:\/\/tlumaczwiktormuszynski.pl\/uk\/wp-json\/wp\/v2\/types\/page"}],"author":[{"embeddable":true,"href":"https:\/\/tlumaczwiktormuszynski.pl\/uk\/wp-json\/wp\/v2\/users\/1"}],"replies":[{"embeddable":true,"href":"https:\/\/tlumaczwiktormuszynski.pl\/uk\/wp-json\/wp\/v2\/comments?post=24"}],"version-history":[{"count":6,"href":"https:\/\/tlumaczwiktormuszynski.pl\/uk\/wp-json\/wp\/v2\/pages\/24\/revisions"}],"predecessor-version":[{"id":133,"href":"https:\/\/tlumaczwiktormuszynski.pl\/uk\/wp-json\/wp\/v2\/pages\/24\/revisions\/133"}],"wp:attachment":[{"href":"https:\/\/tlumaczwiktormuszynski.pl\/uk\/wp-json\/wp\/v2\/media?parent=24"}],"curies":[{"name":"wp","href":"https:\/\/api.w.org\/{rel}","templated":true}]}}